{"id":208,"date":"2015-05-05T16:38:34","date_gmt":"2015-05-05T13:38:34","guid":{"rendered":"https:\/\/restoranmoon.ee\/?page_id=208"},"modified":"2020-11-18T15:00:51","modified_gmt":"2020-11-18T13:00:51","slug":"about-us","status":"publish","type":"page","link":"https:\/\/restoranmoon.ee\/en\/about-us\/","title":{"rendered":"About us"},"content":{"rendered":"<p>[vc_row 0=&#8221;&#8221;][vc_column 0=&#8221;&#8221;][vc_column_text 0=&#8221;&#8221;]<\/p>\r\n<h4 style=\"text-align: center;\"><strong>MOON [mo:n] means poppy in Estonian.<\/strong><\/h4>\r\n<p style=\"text-align: center;\">We love the image of this colourful bold flower. Quite an unusual name\u00a0 for a restaurant\u2026 Even more unexpected is the location \u2013 mentally very\u00a0far from fancy Old Town, at the same time so close to the sea and very\u00a0much in the centre.<\/p>\r\n<p style=\"text-align: center;\">Now already ten years ago head chefs Roman and Igor decided to quit\u00a0their careers pursuing high end gastronomy goals and to go back to their culinary roots. Thus Restaurant Moon was born. One of our good friends said\u00a0after his first visit to Moon \u2013 <strong>\u201cYou have to look back in order to move forward!\u201d<\/strong><\/p>\r\n<p style=\"text-align: center;\">We try to be as down to earth as possible, which is often a bigger challenge than fine dining, as simple products demand\u00a0much more attention to be able to shine. Our food mantras \u2013 simple, honest,\u00a0local and sustainable \u2013\u00a0all presented to You in a Nordic style behind the hidden corner of the wooden Kalamaja suburb.<\/p>\r\n<p style=\"text-align: center;\">In the kitchen You\u2019ll find renowned head chefs Roman Za\u0161t\u0161erinski ja Igor Andrejev, Jana Za\u0161t\u0161erinski the head of the restaurant creates a homely atmosphere and Mikk Parre the manager and sommelier warmly welcomes the guests\u00a0and is in charge of the winelist.<\/p>\r\n<p style=\"text-align: center;\">Roman and Igor work hard in order to\u00a0give us an opportunity to enjoy pure, fresh and better everyday food. We hope that eating at Moon is like coming to our home. Each chef dreams\u00a0of his own restaurant, Moon is our dream come true.\u00a0At Moon everything is\u00a0 the way we like it \u2013 the food, the interior, the atmosphere.<\/p>\r\n<p style=\"text-align: center;\">During the years our food and our spirit has been valued by both local Kalamaja residents and professionals of the industry. <a href=\"http:\/\/whiteguide-nordic.com\/restaurang\/moon\">White Guide Nordic<\/a> <a href=\"http:\/\/silverspoon.ee\/parimad-eesti-restoranid-2018\/\">Silverspoon Gastronomy Award<\/a> <a href=\"https:\/\/restaurantguru.com\/Cafe-MOON-Tallinn\">Restaurant Guru<\/a> <a href=\"http:\/\/balticwinelists.eu\/en\/baltic-wine-list-awards\/best-baltic-wine-lists-20\/moon\">Baltic Wine List Awards<\/a><\/p>\r\n<h4 style=\"text-align: center;\"><strong>Welcome to our home!<\/strong><\/h4>\r\n<h5 style=\"text-align: center;\"><strong>Yours, Roman, Jana and Igor<\/strong><\/h5>\r\n<h5 style=\"text-align: center;\"><strong>Moon is open since 1st of December 2009<\/strong><\/h5>\r\n<p style=\"text-align: center;\"><\/p>\n<div id=\"rest_circ5\">\n<div id=\"rest_sq5\">\n<div id=\"rest_sq5\">\u00a0<\/div>\n<\/div>\r\n<\/div>\r\n<p>[\/vc_column_text][\/vc_column][\/vc_row][vc_row 0=&#8221;&#8221;][vc_column 0=&#8221;&#8221;][vc_gallery type=&#8221;image_grid&#8221; images=&#8221;1989,1991,1993,2207&#8243; img_size=&#8221;250&#215;250&#8243;][vc_empty_space height=&#8221;42px&#8221;][\/vc_column][\/vc_row][vc_row][vc_column][vc_column_text] [\/vc_column_text][\/vc_column][\/vc_row][vc_row][vc_column][vc_column_text] [\/vc_column_text][\/vc_column][\/vc_row]<\/p>\r\n<p>[vc_row 0=&#8221;&#8221;][vc_column 0=&#8221;&#8221;][vc_gallery type=&#8221;image_grid&#8221; images=&#8221;2654,2733,2457&#8243; img_size=&#8221;170&#215;250&#8243;][vc_empty_space height=&#8221;42px&#8221;][vc_gallery type=&#8221;image_grid&#8221; images=&#8221;2772,2487,2478,2481,2484&#8243; img_size=&#8221;150&#215;250&#8243;][vc_empty_space height=&#8221;42px&#8221;][vc_gallery type=&#8221;image_grid&#8221; images=&#8221;2125,2119,2097,2095,2093,2091&#8243; img_size=&#8221;&#8221;][vc_empty_space height=&#8221;42px&#8221;][\/vc_column][\/vc_row]<\/p>","protected":false},"excerpt":{"rendered":"<p>[vc_row 0=&#8221;&#8221;][vc_column 0=&#8221;&#8221;][vc_column_text 0=&#8221;&#8221;] MOON [mo:n] means poppy in Estonian. We love the image of this colourful bold flower. Quite an unusual name\u00a0 for a restaurant\u2026 Even more unexpected is the location \u2013 mentally very\u00a0far from fancy Old Town, at the same time so close to the sea and very\u00a0much in the centre. Now already ten years ago head chefs Roman and Igor decided to quit\u00a0their careers pursuing high end gastronomy goals and to go back to their culinary roots. Thus Restaurant Moon was born. One of our good friends said\u00a0after his first visit to Moon \u2013 \u201cYou have to look back in order to move forward!\u201d We try to be as down to earth as possible, which is often a bigger challenge than fine dining, as simple products demand\u00a0much more attention to be able to shine. Our food mantras \u2013 simple, honest,\u00a0local and sustainable \u2013\u00a0all presented to You in a Nordic style behind the hidden corner of the wooden Kalamaja suburb. In the kitchen You\u2019ll find renowned head chefs Roman Za\u0161t\u0161erinski ja Igor Andrejev, Jana Za\u0161t\u0161erinski the head of the restaurant creates a homely atmosphere and Mikk Parre the manager and sommelier warmly welcomes the guests\u00a0and is in charge of the winelist. Roman and Igor work hard in order to\u00a0give us an opportunity to enjoy pure, fresh and better everyday food. We hope that eating at Moon is like coming to our home. Each chef dreams\u00a0of his own restaurant, Moon is our dream come true.\u00a0At Moon everything is\u00a0 the way we like it \u2013 the food, the interior, the atmosphere. During the years our food and our spirit has been valued by both local Kalamaja residents and professionals of the industry. White Guide Nordic Silverspoon Gastronomy Award Restaurant Guru Baltic Wine List Awards Welcome to our home! Yours, Roman,&#8230; <\/p>\n<p><a class=\"readmore\" href=\"https:\/\/restoranmoon.ee\/en\/about-us\/\">Continue Reading<\/a><\/p>\n","protected":false},"author":2,"featured_media":0,"parent":0,"menu_order":0,"comment_status":"closed","ping_status":"closed","template":"","meta":{"footnotes":""},"class_list":["post-208","page","type-page","status-publish","hentry"],"yoast_head":"<!-- This site is optimized with the Yoast SEO plugin v26.6 - https:\/\/yoast.com\/wordpress\/plugins\/seo\/ -->\n<title>Restoran Moon - &quot;Selleks, et minna edasi, tuleb minna tagasi!&quot;<\/title>\n<meta name=\"description\" content=\"Ebatavaline nimi. Ebatavaline asukoht. Aga muidu v\u00e4gagi tavaline koht. Meid iseloomustab lihtsus, ausus, kohalik tooraine ning Kalamaja nurgatagune asukoht.\" \/>\n<meta name=\"robots\" content=\"index, follow, max-snippet:-1, max-image-preview:large, max-video-preview:-1\" \/>\n<link rel=\"canonical\" href=\"https:\/\/restoranmoon.ee\/en\/about-us\/\" \/>\n<meta property=\"og:locale\" content=\"en_US\" \/>\n<meta property=\"og:type\" content=\"article\" \/>\n<meta property=\"og:title\" content=\"Restoran Moon - &quot;Selleks, et minna edasi, tuleb minna tagasi!&quot;\" \/>\n<meta property=\"og:description\" content=\"Ebatavaline nimi. Ebatavaline asukoht. Aga muidu v\u00e4gagi tavaline koht. Meid iseloomustab lihtsus, ausus, kohalik tooraine ning Kalamaja nurgatagune asukoht.\" \/>\n<meta property=\"og:url\" content=\"https:\/\/restoranmoon.ee\/en\/about-us\/\" \/>\n<meta property=\"og:site_name\" content=\"Restoran Moon\" \/>\n<meta property=\"article:publisher\" content=\"https:\/\/www.facebook.com\/kohvikmoon\" \/>\n<meta property=\"article:modified_time\" content=\"2020-11-18T13:00:51+00:00\" \/>\n<meta name=\"twitter:card\" content=\"summary_large_image\" \/>\n<meta name=\"twitter:label1\" content=\"Est. reading time\" \/>\n\t<meta name=\"twitter:data1\" content=\"2 minutes\" \/>\n<script type=\"application\/ld+json\" class=\"yoast-schema-graph\">{\"@context\":\"https:\/\/schema.org\",\"@graph\":[{\"@type\":\"WebPage\",\"@id\":\"https:\/\/restoranmoon.ee\/en\/about-us\/\",\"url\":\"https:\/\/restoranmoon.ee\/en\/about-us\/\",\"name\":\"Restoran Moon - \\\"Selleks, et minna edasi, tuleb minna tagasi!\\\"\",\"isPartOf\":{\"@id\":\"https:\/\/restoranmoon.ee\/#website\"},\"datePublished\":\"2015-05-05T13:38:34+00:00\",\"dateModified\":\"2020-11-18T13:00:51+00:00\",\"description\":\"Ebatavaline nimi. Ebatavaline asukoht. Aga muidu v\u00e4gagi tavaline koht. Meid iseloomustab lihtsus, ausus, kohalik tooraine ning Kalamaja nurgatagune asukoht.\",\"breadcrumb\":{\"@id\":\"https:\/\/restoranmoon.ee\/en\/about-us\/#breadcrumb\"},\"inLanguage\":\"en-US\",\"potentialAction\":[{\"@type\":\"ReadAction\",\"target\":[\"https:\/\/restoranmoon.ee\/en\/about-us\/\"]}]},{\"@type\":\"BreadcrumbList\",\"@id\":\"https:\/\/restoranmoon.ee\/en\/about-us\/#breadcrumb\",\"itemListElement\":[{\"@type\":\"ListItem\",\"position\":1,\"name\":\"Home\",\"item\":\"https:\/\/restoranmoon.ee\/en\/\"},{\"@type\":\"ListItem\",\"position\":2,\"name\":\"About us\"}]},{\"@type\":\"WebSite\",\"@id\":\"https:\/\/restoranmoon.ee\/#website\",\"url\":\"https:\/\/restoranmoon.ee\/\",\"name\":\"Restoran Moon\",\"description\":\"Modernne Slaavi k\u00f6\u00f6k tehtud suure kirega!\",\"publisher\":{\"@id\":\"https:\/\/restoranmoon.ee\/#organization\"},\"potentialAction\":[{\"@type\":\"SearchAction\",\"target\":{\"@type\":\"EntryPoint\",\"urlTemplate\":\"https:\/\/restoranmoon.ee\/?s={search_term_string}\"},\"query-input\":{\"@type\":\"PropertyValueSpecification\",\"valueRequired\":true,\"valueName\":\"search_term_string\"}}],\"inLanguage\":\"en-US\"},{\"@type\":\"Organization\",\"@id\":\"https:\/\/restoranmoon.ee\/#organization\",\"name\":\"Restoran Moon\",\"url\":\"https:\/\/restoranmoon.ee\/\",\"logo\":{\"@type\":\"ImageObject\",\"inLanguage\":\"en-US\",\"@id\":\"https:\/\/restoranmoon.ee\/#\/schema\/logo\/image\/\",\"url\":\"https:\/\/restoranmoon.ee\/wp-content\/uploads\/2016\/08\/moon-color-on-white.png\",\"contentUrl\":\"https:\/\/restoranmoon.ee\/wp-content\/uploads\/2016\/08\/moon-color-on-white.png\",\"width\":1679,\"height\":1083,\"caption\":\"Restoran Moon\"},\"image\":{\"@id\":\"https:\/\/restoranmoon.ee\/#\/schema\/logo\/image\/\"},\"sameAs\":[\"https:\/\/www.facebook.com\/kohvikmoon\",\"https:\/\/www.instagram.com\/restoranmoon\"]}]}<\/script>\n<!-- \/ Yoast SEO plugin. -->","yoast_head_json":{"title":"Restoran Moon - \"Selleks, et minna edasi, tuleb minna tagasi!\"","description":"Ebatavaline nimi. Ebatavaline asukoht. Aga muidu v\u00e4gagi tavaline koht. Meid iseloomustab lihtsus, ausus, kohalik tooraine ning Kalamaja nurgatagune asukoht.","robots":{"index":"index","follow":"follow","max-snippet":"max-snippet:-1","max-image-preview":"max-image-preview:large","max-video-preview":"max-video-preview:-1"},"canonical":"https:\/\/restoranmoon.ee\/en\/about-us\/","og_locale":"en_US","og_type":"article","og_title":"Restoran Moon - \"Selleks, et minna edasi, tuleb minna tagasi!\"","og_description":"Ebatavaline nimi. Ebatavaline asukoht. Aga muidu v\u00e4gagi tavaline koht. Meid iseloomustab lihtsus, ausus, kohalik tooraine ning Kalamaja nurgatagune asukoht.","og_url":"https:\/\/restoranmoon.ee\/en\/about-us\/","og_site_name":"Restoran Moon","article_publisher":"https:\/\/www.facebook.com\/kohvikmoon","article_modified_time":"2020-11-18T13:00:51+00:00","twitter_card":"summary_large_image","twitter_misc":{"Est. reading time":"2 minutes"},"schema":{"@context":"https:\/\/schema.org","@graph":[{"@type":"WebPage","@id":"https:\/\/restoranmoon.ee\/en\/about-us\/","url":"https:\/\/restoranmoon.ee\/en\/about-us\/","name":"Restoran Moon - \"Selleks, et minna edasi, tuleb minna tagasi!\"","isPartOf":{"@id":"https:\/\/restoranmoon.ee\/#website"},"datePublished":"2015-05-05T13:38:34+00:00","dateModified":"2020-11-18T13:00:51+00:00","description":"Ebatavaline nimi. Ebatavaline asukoht. Aga muidu v\u00e4gagi tavaline koht. Meid iseloomustab lihtsus, ausus, kohalik tooraine ning Kalamaja nurgatagune asukoht.","breadcrumb":{"@id":"https:\/\/restoranmoon.ee\/en\/about-us\/#breadcrumb"},"inLanguage":"en-US","potentialAction":[{"@type":"ReadAction","target":["https:\/\/restoranmoon.ee\/en\/about-us\/"]}]},{"@type":"BreadcrumbList","@id":"https:\/\/restoranmoon.ee\/en\/about-us\/#breadcrumb","itemListElement":[{"@type":"ListItem","position":1,"name":"Home","item":"https:\/\/restoranmoon.ee\/en\/"},{"@type":"ListItem","position":2,"name":"About us"}]},{"@type":"WebSite","@id":"https:\/\/restoranmoon.ee\/#website","url":"https:\/\/restoranmoon.ee\/","name":"Restoran Moon","description":"Modernne Slaavi k\u00f6\u00f6k tehtud suure kirega!","publisher":{"@id":"https:\/\/restoranmoon.ee\/#organization"},"potentialAction":[{"@type":"SearchAction","target":{"@type":"EntryPoint","urlTemplate":"https:\/\/restoranmoon.ee\/?s={search_term_string}"},"query-input":{"@type":"PropertyValueSpecification","valueRequired":true,"valueName":"search_term_string"}}],"inLanguage":"en-US"},{"@type":"Organization","@id":"https:\/\/restoranmoon.ee\/#organization","name":"Restoran Moon","url":"https:\/\/restoranmoon.ee\/","logo":{"@type":"ImageObject","inLanguage":"en-US","@id":"https:\/\/restoranmoon.ee\/#\/schema\/logo\/image\/","url":"https:\/\/restoranmoon.ee\/wp-content\/uploads\/2016\/08\/moon-color-on-white.png","contentUrl":"https:\/\/restoranmoon.ee\/wp-content\/uploads\/2016\/08\/moon-color-on-white.png","width":1679,"height":1083,"caption":"Restoran Moon"},"image":{"@id":"https:\/\/restoranmoon.ee\/#\/schema\/logo\/image\/"},"sameAs":["https:\/\/www.facebook.com\/kohvikmoon","https:\/\/www.instagram.com\/restoranmoon"]}]}},"_links":{"self":[{"href":"https:\/\/restoranmoon.ee\/en\/wp-json\/wp\/v2\/pages\/208","targetHints":{"allow":["GET"]}}],"collection":[{"href":"https:\/\/restoranmoon.ee\/en\/wp-json\/wp\/v2\/pages"}],"about":[{"href":"https:\/\/restoranmoon.ee\/en\/wp-json\/wp\/v2\/types\/page"}],"author":[{"embeddable":true,"href":"https:\/\/restoranmoon.ee\/en\/wp-json\/wp\/v2\/users\/2"}],"replies":[{"embeddable":true,"href":"https:\/\/restoranmoon.ee\/en\/wp-json\/wp\/v2\/comments?post=208"}],"version-history":[{"count":5,"href":"https:\/\/restoranmoon.ee\/en\/wp-json\/wp\/v2\/pages\/208\/revisions"}],"predecessor-version":[{"id":2775,"href":"https:\/\/restoranmoon.ee\/en\/wp-json\/wp\/v2\/pages\/208\/revisions\/2775"}],"wp:attachment":[{"href":"https:\/\/restoranmoon.ee\/en\/wp-json\/wp\/v2\/media?parent=208"}],"curies":[{"name":"wp","href":"https:\/\/api.w.org\/{rel}","templated":true}]}}