{"id":238,"date":"2015-05-29T11:54:08","date_gmt":"2015-05-29T08:54:08","guid":{"rendered":"https:\/\/restoranmoon.ee\/?page_id=238"},"modified":"2017-04-11T14:42:30","modified_gmt":"2017-04-11T11:42:30","slug":"media","status":"publish","type":"page","link":"https:\/\/restoranmoon.ee\/en\/media\/","title":{"rendered":"Media"},"content":{"rendered":"<h5 class=\"entry-title\"><a href=\"http:\/\/www.whiteguide-nordic.com\/restaurang\/restoran-moon\">White Guide Nordic 2017\u00a0<\/a><\/h5>\n<h5 class=\"entry-title\"><a href=\"https:\/\/www.2foodtrippers.com\/7-fun-things-to-do-during-a-tallinn-holiday\/\">7 Fun Things to Do during a Tallinn Holiday<\/a><\/h5>\n<h5><a href=\"http:\/\/panunmatkat.com\/2014\/01\/12\/kohvik-moon-tallinna\/\" data-cke-saved-href=\"http:\/\/panunmatkat.com\/2014\/01\/12\/kohvik-moon-tallinna\/\">Moon \u2013 huippuravintola yll\u00e4tt\u00e4v\u00e4ss\u00e4 ymp\u00e4rist\u00f6ss\u00e4 12.01.2014<\/a><\/h5>\n<h5><a href=\"http:\/\/www.spottedbylocals.com\/tallinn\/moon\/\" data-cke-saved-href=\"http:\/\/www.spottedbylocals.com\/tallinn\/moon\/\">Moon \u2013 One of the best restaurants in town Aug 4th, 2014 &#8230; spotted by locals<\/a><\/h5>\n<h5><a href=\"http:\/\/avaruusasema.com\/blogi\/2013\/10\/kohvik-moon.html\" data-cke-saved-href=\"http:\/\/avaruusasema.com\/blogi\/2013\/10\/kohvik-moon.html\">Kohvik Moon &#8211; avaruusasema.com\u00a0<\/a><\/h5>\n<h5><a href=\"http:\/\/sillasipuli.blogspot.fi\/2013\/06\/kohvik-moon-tallinnassa.html\" data-cke-saved-href=\"http:\/\/sillasipuli.blogspot.fi\/2013\/06\/kohvik-moon-tallinnassa.html\">Kohvik Moon Tallinnassa &#8211; Sill\u00e4 Sipuli blog\u00a0<\/a><\/h5>\n<h5><a href=\"http:\/\/www.e-julkaisu.fi\/balticguide\/english\/2013\/06\/?goto=11\" data-cke-saved-href=\"http:\/\/www.e-julkaisu.fi\/balticguide\/english\/2013\/06\/?goto=11\">Kalamaja 2013 By Baltic Guide\u00a0&#8211; Page 11<\/a><\/h5>\n<h5><a href=\"http:\/\/www.nytimes.com\/slideshow\/2012\/11\/18\/travel\/20121118-SURFACING-5.html\" data-cke-saved-href=\"http:\/\/www.nytimes.com\/slideshow\/2012\/11\/18\/travel\/20121118-SURFACING-5.html\">The New York Times &#8211; \u00a0Local Hangouts in a Tallinn, Estonia, Neighborhood<\/a><\/h5>\n<h5><a href=\"http:\/\/uutiset.ruokatieto.fi\/WebRoot\/1043198\/X_Uutistenhallinta-2-1-palsta_uusi.aspx?id=1237225\" data-cke-saved-href=\"http:\/\/uutiset.ruokatieto.fi\/WebRoot\/1043198\/X_Uutistenhallinta-2-1-palsta_uusi.aspx?id=1237225\">18.09.2012 &#8211;\u00a0Virolaiskokit raaka-aineiden juurilla<\/a><\/h5>\n<h5><a href=\"http:\/\/www.hs.fi\/ruoka\/artikkeli\/1+Kohvik+Moon+on+etsimisen+v%C3%A4%C3%A4rti\/1135256961232\" data-cke-saved-href=\"http:\/\/www.hs.fi\/ruoka\/artikkeli\/1+Kohvik+Moon+on+etsimisen+v%C3%A4%C3%A4rti\/1135256961232\">20.05.2010 &#8211; \u00a01 Kohvik Moon on etsimisen v\u00e4\u00e4rti<\/a><\/h5>\n<h5><a href=\"http:\/\/matkakuumeessa.wordpress.com\/2010\/09\/28\/viro-ei-ole-entisensa\/\" data-cke-saved-href=\"http:\/\/matkakuumeessa.wordpress.com\/2010\/09\/28\/viro-ei-ole-entisensa\/\">Viro ei ole\u00a0entisens\u00e4 28.09.2010<\/a><\/h5>\n<h5><a href=\"http:\/\/rodnushechka.blogspot.com\/2010\/08\/moon-estonian-food-with-history.html\" data-cke-saved-href=\"http:\/\/rodnushechka.blogspot.com\/2010\/08\/moon-estonian-food-with-history.html\">Moon &#8211; Estonian food with (hi)story\u00a013.08.2010 by Katarina<\/a><\/h5>\n<h5><a href=\"http:\/\/www.thetraveleditor.com\/article\/5491\/Restaurant_Reviews_Restaurant_Modern_European_Cafe_Moon_Tallinn_Estonia.html\" data-cke-saved-href=\"http:\/\/www.thetraveleditor.com\/article\/5491\/Restaurant_Reviews_Restaurant_Modern_European_Cafe_Moon_Tallinn_Estonia.html\">Cafe Moon, Tallinn, Estonia<\/a><\/h5>\n","protected":false},"excerpt":{"rendered":"<p>White Guide Nordic 2017\u00a0 7 Fun Things to Do during a Tallinn Holiday Moon \u2013 huippuravintola yll\u00e4tt\u00e4v\u00e4ss\u00e4 ymp\u00e4rist\u00f6ss\u00e4 12.01.2014 Moon \u2013 One of the best restaurants in town Aug 4th, 2014 &#8230; spotted by locals Kohvik Moon &#8211; avaruusasema.com\u00a0 Kohvik Moon Tallinnassa &#8211; Sill\u00e4 Sipuli blog\u00a0 Kalamaja 2013 By Baltic Guide\u00a0&#8211; Page 11 The New York Times &#8211; \u00a0Local Hangouts in a Tallinn, Estonia, Neighborhood 18.09.2012 &#8211;\u00a0Virolaiskokit raaka-aineiden juurilla 20.05.2010 &#8211; \u00a01 Kohvik Moon on etsimisen v\u00e4\u00e4rti Viro ei ole\u00a0entisens\u00e4 28.09.2010 Moon &#8211; Estonian food with (hi)story\u00a013.08.2010 by Katarina Cafe Moon, Tallinn, Estonia<\/p>\n","protected":false},"author":2,"featured_media":0,"parent":0,"menu_order":7,"comment_status":"closed","ping_status":"closed","template":"","meta":{"footnotes":""},"class_list":["post-238","page","type-page","status-publish","hentry"],"yoast_head":"<!-- This site is optimized with the Yoast SEO plugin v26.6 - https:\/\/yoast.com\/wordpress\/plugins\/seo\/ -->\n<title>Media - Restoran Moon<\/title>\n<meta name=\"robots\" content=\"index, follow, max-snippet:-1, max-image-preview:large, max-video-preview:-1\" \/>\n<link rel=\"canonical\" href=\"https:\/\/restoranmoon.ee\/en\/media\/\" \/>\n<meta property=\"og:locale\" content=\"en_US\" \/>\n<meta property=\"og:type\" content=\"article\" \/>\n<meta property=\"og:title\" content=\"Media - Restoran Moon\" \/>\n<meta property=\"og:description\" content=\"White Guide Nordic 2017\u00a0 7 Fun Things to Do during a Tallinn Holiday Moon \u2013 huippuravintola yll\u00e4tt\u00e4v\u00e4ss\u00e4 ymp\u00e4rist\u00f6ss\u00e4 12.01.2014 Moon \u2013 One of the best restaurants in town Aug 4th, 2014 &#8230; spotted by locals Kohvik Moon &#8211; avaruusasema.com\u00a0 Kohvik Moon Tallinnassa &#8211; Sill\u00e4 Sipuli blog\u00a0 Kalamaja 2013 By Baltic Guide\u00a0&#8211; Page 11 The New York Times &#8211; \u00a0Local Hangouts in a Tallinn, Estonia, Neighborhood 18.09.2012 &#8211;\u00a0Virolaiskokit raaka-aineiden juurilla 20.05.2010 &#8211; \u00a01 Kohvik Moon on etsimisen v\u00e4\u00e4rti Viro ei ole\u00a0entisens\u00e4 28.09.2010 Moon &#8211; Estonian food with (hi)story\u00a013.08.2010 by Katarina Cafe Moon, Tallinn, Estonia\" \/>\n<meta property=\"og:url\" content=\"https:\/\/restoranmoon.ee\/en\/media\/\" \/>\n<meta property=\"og:site_name\" content=\"Restoran Moon\" \/>\n<meta property=\"article:publisher\" content=\"https:\/\/www.facebook.com\/kohvikmoon\" \/>\n<meta property=\"article:modified_time\" content=\"2017-04-11T11:42:30+00:00\" \/>\n<meta name=\"twitter:card\" content=\"summary_large_image\" \/>\n<script type=\"application\/ld+json\" class=\"yoast-schema-graph\">{\"@context\":\"https:\/\/schema.org\",\"@graph\":[{\"@type\":\"WebPage\",\"@id\":\"https:\/\/restoranmoon.ee\/en\/media\/\",\"url\":\"https:\/\/restoranmoon.ee\/en\/media\/\",\"name\":\"Media - Restoran Moon\",\"isPartOf\":{\"@id\":\"https:\/\/restoranmoon.ee\/#website\"},\"datePublished\":\"2015-05-29T08:54:08+00:00\",\"dateModified\":\"2017-04-11T11:42:30+00:00\",\"breadcrumb\":{\"@id\":\"https:\/\/restoranmoon.ee\/en\/media\/#breadcrumb\"},\"inLanguage\":\"en-US\",\"potentialAction\":[{\"@type\":\"ReadAction\",\"target\":[\"https:\/\/restoranmoon.ee\/en\/media\/\"]}]},{\"@type\":\"BreadcrumbList\",\"@id\":\"https:\/\/restoranmoon.ee\/en\/media\/#breadcrumb\",\"itemListElement\":[{\"@type\":\"ListItem\",\"position\":1,\"name\":\"Home\",\"item\":\"https:\/\/restoranmoon.ee\/en\/\"},{\"@type\":\"ListItem\",\"position\":2,\"name\":\"Media\"}]},{\"@type\":\"WebSite\",\"@id\":\"https:\/\/restoranmoon.ee\/#website\",\"url\":\"https:\/\/restoranmoon.ee\/\",\"name\":\"Restoran Moon\",\"description\":\"Modernne Slaavi k\u00f6\u00f6k tehtud suure kirega!\",\"publisher\":{\"@id\":\"https:\/\/restoranmoon.ee\/#organization\"},\"potentialAction\":[{\"@type\":\"SearchAction\",\"target\":{\"@type\":\"EntryPoint\",\"urlTemplate\":\"https:\/\/restoranmoon.ee\/?s={search_term_string}\"},\"query-input\":{\"@type\":\"PropertyValueSpecification\",\"valueRequired\":true,\"valueName\":\"search_term_string\"}}],\"inLanguage\":\"en-US\"},{\"@type\":\"Organization\",\"@id\":\"https:\/\/restoranmoon.ee\/#organization\",\"name\":\"Restoran Moon\",\"url\":\"https:\/\/restoranmoon.ee\/\",\"logo\":{\"@type\":\"ImageObject\",\"inLanguage\":\"en-US\",\"@id\":\"https:\/\/restoranmoon.ee\/#\/schema\/logo\/image\/\",\"url\":\"https:\/\/restoranmoon.ee\/wp-content\/uploads\/2016\/08\/moon-color-on-white.png\",\"contentUrl\":\"https:\/\/restoranmoon.ee\/wp-content\/uploads\/2016\/08\/moon-color-on-white.png\",\"width\":1679,\"height\":1083,\"caption\":\"Restoran Moon\"},\"image\":{\"@id\":\"https:\/\/restoranmoon.ee\/#\/schema\/logo\/image\/\"},\"sameAs\":[\"https:\/\/www.facebook.com\/kohvikmoon\",\"https:\/\/www.instagram.com\/restoranmoon\"]}]}<\/script>\n<!-- \/ Yoast SEO plugin. -->","yoast_head_json":{"title":"Media - Restoran Moon","robots":{"index":"index","follow":"follow","max-snippet":"max-snippet:-1","max-image-preview":"max-image-preview:large","max-video-preview":"max-video-preview:-1"},"canonical":"https:\/\/restoranmoon.ee\/en\/media\/","og_locale":"en_US","og_type":"article","og_title":"Media - Restoran Moon","og_description":"White Guide Nordic 2017\u00a0 7 Fun Things to Do during a Tallinn Holiday Moon \u2013 huippuravintola yll\u00e4tt\u00e4v\u00e4ss\u00e4 ymp\u00e4rist\u00f6ss\u00e4 12.01.2014 Moon \u2013 One of the best restaurants in town Aug 4th, 2014 &#8230; spotted by locals Kohvik Moon &#8211; avaruusasema.com\u00a0 Kohvik Moon Tallinnassa &#8211; Sill\u00e4 Sipuli blog\u00a0 Kalamaja 2013 By Baltic Guide\u00a0&#8211; Page 11 The New York Times &#8211; \u00a0Local Hangouts in a Tallinn, Estonia, Neighborhood 18.09.2012 &#8211;\u00a0Virolaiskokit raaka-aineiden juurilla 20.05.2010 &#8211; \u00a01 Kohvik Moon on etsimisen v\u00e4\u00e4rti Viro ei ole\u00a0entisens\u00e4 28.09.2010 Moon &#8211; Estonian food with (hi)story\u00a013.08.2010 by Katarina Cafe Moon, Tallinn, Estonia","og_url":"https:\/\/restoranmoon.ee\/en\/media\/","og_site_name":"Restoran Moon","article_publisher":"https:\/\/www.facebook.com\/kohvikmoon","article_modified_time":"2017-04-11T11:42:30+00:00","twitter_card":"summary_large_image","schema":{"@context":"https:\/\/schema.org","@graph":[{"@type":"WebPage","@id":"https:\/\/restoranmoon.ee\/en\/media\/","url":"https:\/\/restoranmoon.ee\/en\/media\/","name":"Media - Restoran Moon","isPartOf":{"@id":"https:\/\/restoranmoon.ee\/#website"},"datePublished":"2015-05-29T08:54:08+00:00","dateModified":"2017-04-11T11:42:30+00:00","breadcrumb":{"@id":"https:\/\/restoranmoon.ee\/en\/media\/#breadcrumb"},"inLanguage":"en-US","potentialAction":[{"@type":"ReadAction","target":["https:\/\/restoranmoon.ee\/en\/media\/"]}]},{"@type":"BreadcrumbList","@id":"https:\/\/restoranmoon.ee\/en\/media\/#breadcrumb","itemListElement":[{"@type":"ListItem","position":1,"name":"Home","item":"https:\/\/restoranmoon.ee\/en\/"},{"@type":"ListItem","position":2,"name":"Media"}]},{"@type":"WebSite","@id":"https:\/\/restoranmoon.ee\/#website","url":"https:\/\/restoranmoon.ee\/","name":"Restoran Moon","description":"Modernne Slaavi k\u00f6\u00f6k tehtud suure kirega!","publisher":{"@id":"https:\/\/restoranmoon.ee\/#organization"},"potentialAction":[{"@type":"SearchAction","target":{"@type":"EntryPoint","urlTemplate":"https:\/\/restoranmoon.ee\/?s={search_term_string}"},"query-input":{"@type":"PropertyValueSpecification","valueRequired":true,"valueName":"search_term_string"}}],"inLanguage":"en-US"},{"@type":"Organization","@id":"https:\/\/restoranmoon.ee\/#organization","name":"Restoran Moon","url":"https:\/\/restoranmoon.ee\/","logo":{"@type":"ImageObject","inLanguage":"en-US","@id":"https:\/\/restoranmoon.ee\/#\/schema\/logo\/image\/","url":"https:\/\/restoranmoon.ee\/wp-content\/uploads\/2016\/08\/moon-color-on-white.png","contentUrl":"https:\/\/restoranmoon.ee\/wp-content\/uploads\/2016\/08\/moon-color-on-white.png","width":1679,"height":1083,"caption":"Restoran Moon"},"image":{"@id":"https:\/\/restoranmoon.ee\/#\/schema\/logo\/image\/"},"sameAs":["https:\/\/www.facebook.com\/kohvikmoon","https:\/\/www.instagram.com\/restoranmoon"]}]}},"_links":{"self":[{"href":"https:\/\/restoranmoon.ee\/en\/wp-json\/wp\/v2\/pages\/238","targetHints":{"allow":["GET"]}}],"collection":[{"href":"https:\/\/restoranmoon.ee\/en\/wp-json\/wp\/v2\/pages"}],"about":[{"href":"https:\/\/restoranmoon.ee\/en\/wp-json\/wp\/v2\/types\/page"}],"author":[{"embeddable":true,"href":"https:\/\/restoranmoon.ee\/en\/wp-json\/wp\/v2\/users\/2"}],"replies":[{"embeddable":true,"href":"https:\/\/restoranmoon.ee\/en\/wp-json\/wp\/v2\/comments?post=238"}],"version-history":[{"count":5,"href":"https:\/\/restoranmoon.ee\/en\/wp-json\/wp\/v2\/pages\/238\/revisions"}],"predecessor-version":[{"id":1283,"href":"https:\/\/restoranmoon.ee\/en\/wp-json\/wp\/v2\/pages\/238\/revisions\/1283"}],"wp:attachment":[{"href":"https:\/\/restoranmoon.ee\/en\/wp-json\/wp\/v2\/media?parent=238"}],"curies":[{"name":"wp","href":"https:\/\/api.w.org\/{rel}","templated":true}]}}