{"id":3,"date":"2020-12-03T13:52:28","date_gmt":"2020-12-03T13:52:28","guid":{"rendered":"https:\/\/restoranmoon.ee\/pood\/?page_id=3"},"modified":"2021-04-21T10:36:03","modified_gmt":"2021-04-21T10:36:03","slug":"privaatsuspoliitika","status":"publish","type":"page","link":"https:\/\/restoranmoon.ee\/pood\/privaatsuspoliitika\/","title":{"rendered":"Privaatsuspoliitika"},"content":{"rendered":"<h1 class=\"wp-block-heading\">Privaatsuspoliitika<\/h1><p>Kehtivad alates &nbsp;1.12.2020<\/p><p>Privaatsustingimused reguleerivad isikuandmete t\u00f6\u00f6tlemist ja k\u00fcpsiste kasutamist DELIMAITSED O\u00dc (edaspidi Moon Deli) veebilehel <a href=\"http:\/\/www.restoranmoon.ee\/pood\">www.restoranmoon.ee\/pood<\/a> (edaspidi veebileht).<\/p><p>Palun tutvuge Privaatsustingimustega hoolikalt, et saada aru, kuidas me Teie andmeid t\u00f6\u00f6delda v\u00f5ime.<\/p><p>Moon Deli veebilehel aadressil <a href=\"http:\/\/www.restoranmoon.ee\/pood\">www.restoranmoon.ee\/pood<\/a> kaitseme klientide ja kasutajate privaatsust. K\u00e4esolev privaatsuspoliitika annab \u00fclevaate meie tavade kohta seoses teabe kogumise ja kasutamisega. Moon Deli j\u00e4tab endale \u00f5iguse muuta privaatsustingimusi \u00fchepoolselt ja ette teatamata, eesm\u00e4rgiga kindlustada nende vastavus seadustele. Privaatsustingimused on oma uusimas versioonis alati veebilehel saadaval.<\/p><h2 class=\"wp-block-heading\"><strong>M\u00d5ISTED<\/strong><\/h2><p>Isikuandmete t\u00f6\u00f6tlemine&nbsp;on igasugune veebilehe kasutaja (edaspidi&nbsp;<em>kasutaja<\/em>) isikuandmetega tehtav tegevus \u2013 andmete kogumine, t\u00f6\u00f6tlemine, talletamine, parandamine v\u00f5i kustutamine.<\/p><p>Kasutajad&nbsp;on k\u00f5ik isikud, kes k\u00fclastavad veebilehte, tarbivad teenuseid v\u00f5i edastavad Moon Deli -le omalt poolt infot. N\u00e4iteks artiklite lugemine, teenuste tellimine v\u00f5i Moon Deli meili ja kontatktivormi kaudu \u00fchenduse v\u00f5tmine.<\/p><p>Teenused&nbsp;on k\u00f5ik Moon Deli veebilehe poolt pakutavad tasuta ja tasulised tooted ja teenused.<\/p><h2 class=\"wp-block-heading\">ISIKUANDMETE T\u00d6\u00d6TLEMINE<\/h2><p>Veebilehte kasutades annab kasutaja n\u00f5usoleku oma andmete t\u00f6\u00f6tlemiseks koosk\u00f5las k\u00e4esolevate privaatsustingimustega.<\/p><p>Moon Deli kogub veebilehe kaudu allj\u00e4rgnevaid kasutajate isikuandmeid j\u00e4rgnevalt kirjeldatud viisidel:<\/p><ul class=\"wp-block-list\"><li>kasutaja e-posti aadress&nbsp;\u2013 kasutaja liitumisel meililistiga v\u00f5i e-kirja saatmisel;<\/li><li>kasutaja nimi ja e-posti aadress&nbsp;\u2013 kasutaja poolt kontaktivormi&nbsp; edastamisel;<\/li><li>veebilehe k\u00fclastatavuse statistika&nbsp;\u2013 Google Analyticsi, Facebook Pixeli abil.<\/li><li>IP-aadressi ei seota meie poolt personaalsete isikuandmetega.<\/li><\/ul><h2 class=\"wp-block-heading\">ISIKUANDMETE KASUTAMINE<\/h2><p>Moon Deli kasutab isikuandmeid:<\/p><ul class=\"wp-block-list\"><li>kasutajale&nbsp;teenuse osutamiseks,&nbsp;n\u00e4iteks lepingu s\u00f5lmimiseks ja t\u00e4itmiseks, kasutajaga suhtlemiseks, arvete edastamiseks;<\/li><li>kasutaja e-posti aadressile&nbsp;teavituste saatmiseks&nbsp;uutest artiklitest, teenustest ja kampaaniatest, kuid seda vaid kasutaja eelneval n\u00f5usolekul.<\/li><\/ul><p>Moon Deli kasutab veebilehe k\u00fclastatavuse statistikat veebilehe&nbsp;kasutajakogemuse parendamiseks&nbsp;ja&nbsp;efektiivsemaks turundamiseks.<\/p><p>Kasutajal on igal ajal \u00f5igus keelata oma isikuandmete t\u00f6\u00f6tlemine, v\u00e4lja arvatud juhul, kui see on vajalik lepingust tuleneva n\u00f5ude t\u00e4itmiseks, sh teenuse osutamiseks.<\/p><p>DELIMAITSED O\u00dc on isikuandmete vastutav t\u00f6\u00f6tleja, meie ettev\u00f5te edastab maksete teostamiseks vajalikud isikuandmed volitatud t\u00f6\u00f6tleja Maksekeskus AS-ile.<\/p><h2 class=\"wp-block-heading\"><strong>ISIKUANDMETE EDASTAMINE KOLMANDATELE ISIKUTELE&nbsp;<\/strong><\/h2><p>Kolmas isik&nbsp;on Moon Deli lepingupartner, kes t\u00f6\u00f6tleb isikuandmeid ja kelle toote v\u00f5i teenuse abil pakub <a href=\"http:\/\/www.restoranmoon.ee\/pood\">www.restoranmoon.ee\/pood<\/a> kasutajale teenuseid.<\/p><p>Moon Deli kasutab igap\u00e4evaseks tegevuseks kolmandaid isikuid, kes pakuvad:<\/p><ul class=\"wp-block-list\"><li>e-mailide edastamise ja haldamise s\u00fcsteemi,<\/li><li>veebilehe majutust,<\/li><li>veebilehe kasutusstatistika anal\u00fc\u00fcsi;<\/li><li>sotsiaalmeedia kasutamist ja sotsiaalmeedia statistika anal\u00fc\u00fcsi,<\/li><li>raamatupidamistarkvara kasutamist.<\/li><li>Koost\u00f6\u00f6partnerile, ulatuses, mis on vajalik kasutajale teenuse osutamiseks.<\/li><\/ul><p>Lisaks eeltoodule avaldab Moon Deli kasutajate andmeid selleks \u00f5igustatud riigiasutustele, \u00f5iguskaitseorganitele ja kohtule. Lisaks v\u00f5ime jagada teavet, et uurida, takistada, v\u00f5i v\u00f5tta kasutusele meetmeid seoses ebaseadusliku tegevusega v\u00f5i seoses pettuse kahtlusega.<\/p><p>Kui Te klikite m\u00f5nele meie kodulehel toodud lingile, mis suunab Kasutaja <a href=\"http:\/\/www.restoranmoon.ee\/pood\">www.restoranmoon.ee\/pood<\/a> veebilehelt edasi kolmandast isikust organisatsiooni v\u00f5i ettev\u00f5tte kodulehele, siis isegi kui veebilehtede vahel eksisteerib seos, ei oma <a href=\"http:\/\/www.restoranmoon.ee\/pood\">www.restoranmoon.ee\/pood<\/a> kontrolli kolmanda osapoole veebilehe \u00fcle ega vastuta kolmanda isiku tegevuse eest. Meie veebilehelt kolmanda isiku veebilehele navigeerimisel peaksite enne andmete jagamist tutvuma eraldi selle lehe privaatsuspoliitikaga.<\/p><h2 class=\"wp-block-heading\"><strong>ISIKUANDMETE S\u00c4ILITAMINE JA TURVALISUS<\/strong><\/h2><p>Moon Deli s\u00e4ilitab isikuandmeid nii kaua, kuni see on eesm\u00e4rgi t\u00e4itmiseks v\u00f5i seadusest tulenevalt vajalik. N\u00e4iteks:<\/p><p>Moon Deli rakendab k\u00f5iki m\u00f5istlikke meetmeid t\u00f6\u00f6deldavate isikuandmete kaitseks. Juurdep\u00e4\u00e4s isikuandmete muutmiseks ja t\u00f6\u00f6tlemiseks on ainult selleks volitatud isikutel ning k\u00f5ikide kasutajate isikuandmeid k\u00e4sitletakse kui konfidentsiaalset informatsiooni.<\/p><h2 class=\"wp-block-heading\"><strong>KASUTAJA \u00d5IGUSED<\/strong><\/h2><p>Kasutajal on \u00f5igus igal ajal:<\/p><ul class=\"wp-block-list\"><li>avaldada soovi juurdep\u00e4\u00e4suks enda andmetele;<\/li><li>n\u00f5uda isikuandmete parandamist, t\u00e4iendamist v\u00f5i seaduses etten\u00e4htud tingimustel kustutamist;<\/li><li>n\u00f5uda isikuandmete t\u00f6\u00f6tlemise piiramist;<\/li><li>n\u00f5uda isikuandmete \u00fclekandmist.<\/li><\/ul><p>Oma \u00f5iguste kasutamiseks tuleb kasutajal saata e-posti aadressile <a href=\"mailto:deli@restoranmoon.ee\">deli@restoranmoon.ee<\/a> &nbsp;Kui kasutaja kuulub Moon Deli poolt hallatavasse meililisti, on tal v\u00f5imalik kustutada end meililisti nimekirjast ja loobuda edasistest kirjadest e-kirja l\u00f5pus oleva lingi kaudu.<\/p><p>K\u00fcpsiste kasutamise piiramiseks saab kasutaja teha vastavad valikud oma veebilehitseja seadete alt.<\/p><p>Kui Kasutaja usub, et tema \u00f5igusi on isikuandmete t\u00f6\u00f6tlemisel rikutud, on tal \u00f5igus p\u00f6\u00f6rduda Andmekaitse Inspektsiooni poole.<\/p><h2 class=\"wp-block-heading\"><strong>K\u00dcPSISED<\/strong><\/h2><p>Moon Deli veebilehel kasutatakse k\u00fcpsiseid, eesm\u00e4rgiga tagada parem kasutajakogemus ja efektiivsem turundustegevus ning koguda kasutusstatistikat.<\/p><p>Kasutades <a href=\"http:\/\/www.restoranmoon.ee\/pood\">www.restoranmoon.ee\/pood<\/a> veebilehte, n\u00f5ustub kasutaja k\u00fcpsiste kasutamisega k\u00e4esolevas korras kirjeldatud viisil.<\/p><p><strong>K\u00fcpsis<\/strong>&nbsp;on v\u00e4ike tekstifail, mille veebilehitseja automaatselt kasutaja poolt kasutatavasse seadmesse salvestab.&nbsp;K\u00fcpsised v\u00f5ivad olla loodud erinevate teenusepakkujate poolt, n\u00e4iteks Google ja Facebook. K\u00fcpsisefailid ei ole arvuti jaoks ohtlikud.<\/p><p>K\u00fcpsiseid on kahte t\u00fc\u00fcpi:<\/p><p><strong>P\u00fcsivaid k\u00fcpsiseid<\/strong>, mis j\u00e4\u00e4vad kasutaja arvutis olevasse k\u00fcpsiste faili p\u00fcsivalt. Neid v\u00f5idakse kasutada n\u00e4iteks kasutaja kui veebilehe korduvk\u00fclastaja \u00e4ratundmiseks ja veebilehe sisu kohandamiseks vastavalt kasutaja vajadustele v\u00f5i statistiliste andmete kogumiseks.<\/p><p><strong>Seansik\u00fcpsised<\/strong>&nbsp;on ajutised ja kaovad, kui kasutaja veebilehelt lahkub v\u00f5i oma veebilehitseja sulgeb. Seansik\u00fcpsiseid v\u00f5idakse kasutada veebilehe teatud funktsioonide, n\u00e4iteks teenuse v\u00f5i toote taotlemise jms v\u00f5imaldamiseks.<\/p><p>K\u00fcpsiseid kasutatakse teabe kogumiseks selle kohta, kuidas veebilehte kasutatakse, et seda kasutajatele isiklikumaks ja kasutajas\u00f5bralikumaks muuta. Lisaks aitavad k\u00fcpsised koguda kasutajastatistikat, mis v\u00f5imaldab m\u00f5\u00f5ta ja parandada veebilehe toimivust ning annab alusandmed, et viia l\u00e4bi efektiivne turundustegevus.<\/p><p>Kasutaja loetakse k\u00fcpsistega n\u00f5ustunuks, kui tema veebilehitseja seadistustes on k\u00fcpsised lubatud. Tihtipeale veebilehitsejad lubavad vaikimisi k\u00fcpsisefailide s\u00e4ilitamist seadmesse.<\/p><p>Kasutajal on \u00f5igus keelduda k\u00fcpsiste salvestamisest arvutisse. Vastava soovi korral peab kasutaja muutma oma veebilehitseja seadeid.<\/p><p>Juhendid enamkasutavate veebisirvijate seadistamiseks:<\/p><p>Internet Explorer: <a href=\"http:\/\/support.microsoft.com\/kb\/278835\">http:\/\/support.microsoft.com\/kb\/278835<\/a><\/p><p>Crome: <a href=\"https:\/\/support.google.com\/chrome\/answer\/95647?hl=en\">https:\/\/support.google.com\/chrome\/answer\/95647?hl=en<\/a><\/p><p>Firefox: <a href=\"http:\/\/support.mozilla.org\/en-US\/kb\/Clear%20Recent%20History\">http:\/\/support.mozilla.org\/en-US\/kb\/Clear%20Recent%20History<\/a><\/p><p>Opera: <a href=\"http:\/\/www.opera.com\/browser\/tutorials\/security\/privacy\">http:\/\/www.opera.com\/browser\/tutorials\/security\/privacy<\/a><\/p><p>Safari: <a href=\"https:\/\/support.apple.com\/guide\/safari\/manage-cookies-and-website-data-sfri11471\/mac\">https:\/\/support.apple.com\/guide\/safari\/manage-cookies-and-website-data-sfri11471\/mac<\/a>&nbsp;&nbsp; &nbsp;<\/p><p>K\u00fcpsiste blokeerimisel peab kasutaja arvestama, et k\u00f5ik veebilehe funktsioonid ja ka meie poolt korraldatavad kampaaniad ei pruugi enam kasutajale k\u00e4ttesaadavad olla.<\/p><p>Kasutusstatistika kogumiseks kasutab Moon Deli Google Analytics teenust, kogudes andmeid k\u00fclastatud alalehtede, k\u00fclastusaja, k\u00fclastuste arvu, kasutatavate seadmete, sisenemiskanalite ja muu statistika kohta.<\/p><p>Google Analytics v\u00f5ib siiski koguda andmeid kasutajate aktiivsuse kohta ka ilma k\u00fcpsisefaile kasutamata. Selleks, et Google Analytics ei saaks andmeid kasutada, saab kasutaja paigaldada oma seadmesse Google Analytics\u2019i blokeeriva rakenduse:&nbsp;<a href=\"https:\/\/tools.google.com\/dlpage\/gaoptout?hl=en\" target=\"_blank\" rel=\"noreferrer noopener\">Google Analyticsist loobumise brauserilaiend<\/a>.<\/p><p>J\u00e4rgnevate linkide kaudu leiab rohkem informatsiooni&nbsp;<a href=\"https:\/\/www.facebook.com\/ads\/about\/\" target=\"_blank\" rel=\"noreferrer noopener\">Facebooki reklaamide<\/a>&nbsp;ja&nbsp;<a href=\"https:\/\/www.facebook.com\/business\/a\/facebook-pixel-tracking-benefits\" target=\"_blank\" rel=\"noreferrer noopener\">Facebook Pixel<\/a>&nbsp;kohta.<\/p><h2 class=\"wp-block-heading\"><strong>PRIVAATSUSTINGIMUSTE MUUTMINE<\/strong><\/h2><p>Moon Deli j\u00e4tab endale \u00f5iguse muuta privaatsustingimusi \u00fchepoolselt ja ette teatamata, eesm\u00e4rgiga kindlustada nende vastavus seadustele. Privaatsustingimused on oma uusimas versioonis alati veebilehel saadaval.<\/p><p>K\u00f5igi privaatsustingimuste ja andmet\u00f6\u00f6tluse kohta tekkivate k\u00fcsimustega palume v\u00f5tta meiega \u00fchendust aadressil&nbsp;<a href=\"mailto:deli@restoranmoon.ee\">deli@restoranmoon.ee<\/a><\/p><h2 class=\"wp-block-heading\">AUTORI\u00d5IGUS<\/h2><p>Kui pole m\u00e4rgitud teisiti, on kogu veebilehe sisu autori\u00f5iguste valdaja Moon Deli. See t\u00e4hendab, et sisu kasutamine mis tahes kujul (ka osaliselt) on lubatud ainult Moon Deli loal.<\/p><p>Igale koopiale peab olema lisatud siinsele veebilehele viitav link.<\/p><p><strong>Oleme alati valmis vastama t\u00e4iendavalt privaatsustingimuste ja andmet\u00f6\u00f6tluse kohta tekkivate k\u00fcsimustele ning palume v\u00f5tta meiega \u00fchendust aadressil <\/strong><a href=\"mailto:deli@restoranmoon.ee\">deli@restoranmoon.ee<\/a> <strong><\/strong><\/p>","protected":false},"excerpt":{"rendered":"<p>Privaatsuspoliitika Kehtivad alates &nbsp;1.12.2020 Privaatsustingimused reguleerivad isikuandmete t\u00f6\u00f6tlemist ja k\u00fcpsiste kasutamist DELIMAITSED O\u00dc (edaspidi Moon Deli) veebilehel www.restoranmoon.ee\/pood (edaspidi veebileht). Palun tutvuge Privaatsustingimustega hoolikalt, et saada aru, kuidas me Teie andmeid t\u00f6\u00f6delda v\u00f5ime. Moon Deli veebilehel aadressil www.restoranmoon.ee\/pood kaitseme klientide ja kasutajate privaatsust. K\u00e4esolev privaatsuspoliitika annab \u00fclevaate meie tavade kohta seoses teabe kogumise ja kasutamisega. &hellip;<\/p>\n<p class=\"read-more\"> <a class=\"\" href=\"https:\/\/restoranmoon.ee\/pood\/privaatsuspoliitika\/\"> <span class=\"screen-reader-text\">Privaatsuspoliitika<\/span> Read More &raquo;<\/a><\/p>\n","protected":false},"author":1,"featured_media":0,"parent":0,"menu_order":0,"comment_status":"closed","ping_status":"open","template":"","meta":{"site-sidebar-layout":"default","site-content-layout":"default","ast-site-content-layout":"","site-content-style":"default","site-sidebar-style":"default","ast-global-header-display":"","ast-banner-title-visibility":"","ast-main-header-display":"","ast-hfb-above-header-display":"","ast-hfb-below-header-display":"","ast-hfb-mobile-header-display":"","site-post-title":"","ast-breadcrumbs-content":"","ast-featured-img":"","footer-sml-layout":"","theme-transparent-header-meta":"default","adv-header-id-meta":"","stick-header-meta":"default","header-above-stick-meta":"","header-main-stick-meta":"","header-below-stick-meta":"","astra-migrate-meta-layouts":"","footnotes":""},"class_list":["post-3","page","type-page","status-publish","hentry"],"_links":{"self":[{"href":"https:\/\/restoranmoon.ee\/pood\/wp-json\/wp\/v2\/pages\/3","targetHints":{"allow":["GET"]}}],"collection":[{"href":"https:\/\/restoranmoon.ee\/pood\/wp-json\/wp\/v2\/pages"}],"about":[{"href":"https:\/\/restoranmoon.ee\/pood\/wp-json\/wp\/v2\/types\/page"}],"author":[{"embeddable":true,"href":"https:\/\/restoranmoon.ee\/pood\/wp-json\/wp\/v2\/users\/1"}],"replies":[{"embeddable":true,"href":"https:\/\/restoranmoon.ee\/pood\/wp-json\/wp\/v2\/comments?post=3"}],"version-history":[{"count":2,"href":"https:\/\/restoranmoon.ee\/pood\/wp-json\/wp\/v2\/pages\/3\/revisions"}],"predecessor-version":[{"id":1436,"href":"https:\/\/restoranmoon.ee\/pood\/wp-json\/wp\/v2\/pages\/3\/revisions\/1436"}],"wp:attachment":[{"href":"https:\/\/restoranmoon.ee\/pood\/wp-json\/wp\/v2\/media?parent=3"}],"curies":[{"name":"wp","href":"https:\/\/api.w.org\/{rel}","templated":true}]}}