{"id":1437,"date":"2021-04-21T10:55:22","date_gmt":"2021-04-21T10:55:22","guid":{"rendered":"https:\/\/restoranmoon.ee\/pood\/?post_type=product&#038;p=1437"},"modified":"2022-05-03T12:58:56","modified_gmt":"2022-05-03T12:58:56","slug":"eri-emadepaeva-pakike","status":"publish","type":"product","link":"https:\/\/restoranmoon.ee\/pood\/toode\/eri-emadepaeva-pakike\/","title":{"rendered":"ERI! EMADEP\u00c4EVA PAKIKE"},"content":{"rendered":"","protected":false},"excerpt":{"rendered":"<p><strong>Pea oma ema meeles armsa ja maitsva pakikesega! <\/strong><br \/>\n<strong>Vii emale pakk kingituseks v\u00f5i saada meie kaudu kulleriga koju!<\/strong><\/p>\n<p>PAKI SISU:<br \/>\nKirevilja-toorjuustukook \u00a0800g<br \/>\n100% rukkileib \u00a0600g<br \/>\nSoolal\u00f5he 100g + m\u00e4dar\u00f5ikakaste 40g<br \/>\nKarulaugupesto 100g<\/p>\n<p>&nbsp;<\/p>\n<p>&nbsp;<\/p>\n","protected":false},"featured_media":2343,"template":"","meta":{"site-sidebar-layout":"default","site-content-layout":"default","ast-site-content-layout":"","site-content-style":"default","site-sidebar-style":"default","ast-global-header-display":"","ast-banner-title-visibility":"","ast-main-header-display":"","ast-hfb-above-header-display":"","ast-hfb-below-header-display":"","ast-hfb-mobile-header-display":"","site-post-title":"","ast-breadcrumbs-content":"","ast-featured-img":"","footer-sml-layout":"","theme-transparent-header-meta":"default","adv-header-id-meta":"","stick-header-meta":"default","header-above-stick-meta":"","header-main-stick-meta":"","header-below-stick-meta":"","astra-migrate-meta-layouts":""},"product_brand":[],"product_cat":[47],"product_tag":[],"class_list":{"0":"post-1437","1":"product","2":"type-product","3":"status-publish","4":"has-post-thumbnail","6":"product_cat-eri-pakkumised","7":"desktop-align-center","8":"tablet-align-center","9":"mobile-align-center","11":"first","12":"outofstock","13":"taxable","14":"shipping-taxable","15":"purchasable","16":"product-type-simple"},"_links":{"self":[{"href":"https:\/\/restoranmoon.ee\/pood\/wp-json\/wp\/v2\/product\/1437","targetHints":{"allow":["GET"]}}],"collection":[{"href":"https:\/\/restoranmoon.ee\/pood\/wp-json\/wp\/v2\/product"}],"about":[{"href":"https:\/\/restoranmoon.ee\/pood\/wp-json\/wp\/v2\/types\/product"}],"wp:featuredmedia":[{"embeddable":true,"href":"https:\/\/restoranmoon.ee\/pood\/wp-json\/wp\/v2\/media\/2343"}],"wp:attachment":[{"href":"https:\/\/restoranmoon.ee\/pood\/wp-json\/wp\/v2\/media?parent=1437"}],"wp:term":[{"taxonomy":"product_brand","embeddable":true,"href":"https:\/\/restoranmoon.ee\/pood\/wp-json\/wp\/v2\/product_brand?post=1437"},{"taxonomy":"product_cat","embeddable":true,"href":"https:\/\/restoranmoon.ee\/pood\/wp-json\/wp\/v2\/product_cat?post=1437"},{"taxonomy":"product_tag","embeddable":true,"href":"https:\/\/restoranmoon.ee\/pood\/wp-json\/wp\/v2\/product_tag?post=1437"}],"curies":[{"name":"wp","href":"https:\/\/api.w.org\/{rel}","templated":true}]}}