{"id":1650,"date":"2021-06-12T13:55:54","date_gmt":"2021-06-12T13:55:54","guid":{"rendered":"https:\/\/restoranmoon.ee\/pood\/?post_type=product&#038;p=1650"},"modified":"2021-06-25T10:07:34","modified_gmt":"2021-06-25T10:07:34","slug":"jaanipaeva-pakike","status":"publish","type":"product","link":"https:\/\/restoranmoon.ee\/pood\/toode\/jaanipaeva-pakike\/","title":{"rendered":"JAANIP\u00c4EVA PAKIKE!"},"content":{"rendered":"","protected":false},"excerpt":{"rendered":"<p>JAANIP\u00c4EVA PAKK SIDALDAB:<br \/>\n(ideaalne 4 inimese vahel jagamiseks)<\/p>\n<p>* \u00a0Eelk\u00fcpsetatud p\u00f5rsaribid 2 kg<br \/>\n* \u00a0BBQ kaste 150g<br \/>\n* \u00a0Kolme Sibula kimchi kapsas 500g<br \/>\n* \u00a0Venep\u00e4rane Napoleon polhlamoosiga 800g<\/p>\n<p>TEE NII:<br \/>\nPane p\u00f5rsaribid grillile, grilli 7-10 minutit \u00fcmberkeerates ja seej\u00e4rel m\u00e4\u00e4ri peale BBQ kaste &#8211; naudi s\u00f5prade v\u00f5i perega!<br \/>\nV\u00f5i k\u00fcpseta ahjus 200 kraadi umbes 10-12 minutit.<\/p>\n<p>&nbsp;<\/p>\n","protected":false},"featured_media":1651,"template":"","meta":{"site-sidebar-layout":"default","site-content-layout":"default","ast-site-content-layout":"","site-content-style":"default","site-sidebar-style":"default","ast-global-header-display":"","ast-banner-title-visibility":"","ast-main-header-display":"","ast-hfb-above-header-display":"","ast-hfb-below-header-display":"","ast-hfb-mobile-header-display":"","site-post-title":"","ast-breadcrumbs-content":"","ast-featured-img":"","footer-sml-layout":"","theme-transparent-header-meta":"default","adv-header-id-meta":"","stick-header-meta":"default","header-above-stick-meta":"","header-main-stick-meta":"","header-below-stick-meta":"","astra-migrate-meta-layouts":""},"product_brand":[],"product_cat":[44],"product_tag":[],"class_list":{"0":"post-1650","1":"product","2":"type-product","3":"status-publish","4":"has-post-thumbnail","6":"product_cat-emadepaeva-kevade-eri","7":"desktop-align-center","8":"tablet-align-center","9":"mobile-align-center","11":"first","12":"outofstock","13":"taxable","14":"shipping-taxable","15":"purchasable","16":"product-type-simple"},"_links":{"self":[{"href":"https:\/\/restoranmoon.ee\/pood\/wp-json\/wp\/v2\/product\/1650","targetHints":{"allow":["GET"]}}],"collection":[{"href":"https:\/\/restoranmoon.ee\/pood\/wp-json\/wp\/v2\/product"}],"about":[{"href":"https:\/\/restoranmoon.ee\/pood\/wp-json\/wp\/v2\/types\/product"}],"wp:featuredmedia":[{"embeddable":true,"href":"https:\/\/restoranmoon.ee\/pood\/wp-json\/wp\/v2\/media\/1651"}],"wp:attachment":[{"href":"https:\/\/restoranmoon.ee\/pood\/wp-json\/wp\/v2\/media?parent=1650"}],"wp:term":[{"taxonomy":"product_brand","embeddable":true,"href":"https:\/\/restoranmoon.ee\/pood\/wp-json\/wp\/v2\/product_brand?post=1650"},{"taxonomy":"product_cat","embeddable":true,"href":"https:\/\/restoranmoon.ee\/pood\/wp-json\/wp\/v2\/product_cat?post=1650"},{"taxonomy":"product_tag","embeddable":true,"href":"https:\/\/restoranmoon.ee\/pood\/wp-json\/wp\/v2\/product_tag?post=1650"}],"curies":[{"name":"wp","href":"https:\/\/api.w.org\/{rel}","templated":true}]}}