{"id":2265,"date":"2022-04-01T12:22:07","date_gmt":"2022-04-01T12:22:07","guid":{"rendered":"https:\/\/restoranmoon.ee\/pood\/?post_type=product&#038;p=2265"},"modified":"2024-05-09T09:38:43","modified_gmt":"2024-05-09T09:38:43","slug":"2020-soave-classico-pieropan-itaalia-75cl","status":"publish","type":"product","link":"https:\/\/restoranmoon.ee\/pood\/toode\/2020-soave-classico-pieropan-itaalia-75cl\/","title":{"rendered":"2020 Soave Classico, Pieropan, Itaalia 75cl"},"content":{"rendered":"","protected":false},"excerpt":{"rendered":"<p><strong>VALGE VEIN<\/strong><\/p>\n<p>V\u00e4rvuselt erkkollane, kergelt roheka alatooniga. Delikaatsed aroomid toovad esile mandli\u00f5ite ja martsipani n\u00fcansse. Maitselt puuviljane, mineraalne vein h\u00e4sti balanseeritud happega. Pikk j\u00e4relmaitse.<\/p>\n<p>Suurep\u00e4rane paariline suppidele ja eelroogadele, eriti sparglist, tsukiinist ja hernestest roogadega. Sobib nautimiseks ka munap\u00f5histe toitude, mereandide ja magevee kaladega.<\/p>\n<p>\u00dclimalt hea aperitiiv niisama nautimiseks ja ka koos lihtsate suupistetega.<\/p>\n<p>Maht: 75cl ehk 750ml<\/p>\n","protected":false},"featured_media":2266,"template":"","meta":{"site-sidebar-layout":"default","site-content-layout":"default","ast-site-content-layout":"default","site-content-style":"default","site-sidebar-style":"default","ast-global-header-display":"","ast-banner-title-visibility":"","ast-main-header-display":"","ast-hfb-above-header-display":"","ast-hfb-below-header-display":"","ast-hfb-mobile-header-display":"","site-post-title":"","ast-breadcrumbs-content":"","ast-featured-img":"","footer-sml-layout":"","theme-transparent-header-meta":"default","adv-header-id-meta":"","stick-header-meta":"","header-above-stick-meta":"","header-main-stick-meta":"","header-below-stick-meta":"","astra-migrate-meta-layouts":"set"},"product_brand":[],"product_cat":[24],"product_tag":[],"class_list":{"0":"post-2265","1":"product","2":"type-product","3":"status-publish","4":"has-post-thumbnail","6":"product_cat-vein","7":"desktop-align-center","8":"tablet-align-center","9":"mobile-align-center","11":"first","12":"outofstock","13":"taxable","14":"shipping-taxable","15":"purchasable","16":"product-type-simple"},"_links":{"self":[{"href":"https:\/\/restoranmoon.ee\/pood\/wp-json\/wp\/v2\/product\/2265","targetHints":{"allow":["GET"]}}],"collection":[{"href":"https:\/\/restoranmoon.ee\/pood\/wp-json\/wp\/v2\/product"}],"about":[{"href":"https:\/\/restoranmoon.ee\/pood\/wp-json\/wp\/v2\/types\/product"}],"wp:featuredmedia":[{"embeddable":true,"href":"https:\/\/restoranmoon.ee\/pood\/wp-json\/wp\/v2\/media\/2266"}],"wp:attachment":[{"href":"https:\/\/restoranmoon.ee\/pood\/wp-json\/wp\/v2\/media?parent=2265"}],"wp:term":[{"taxonomy":"product_brand","embeddable":true,"href":"https:\/\/restoranmoon.ee\/pood\/wp-json\/wp\/v2\/product_brand?post=2265"},{"taxonomy":"product_cat","embeddable":true,"href":"https:\/\/restoranmoon.ee\/pood\/wp-json\/wp\/v2\/product_cat?post=2265"},{"taxonomy":"product_tag","embeddable":true,"href":"https:\/\/restoranmoon.ee\/pood\/wp-json\/wp\/v2\/product_tag?post=2265"}],"curies":[{"name":"wp","href":"https:\/\/api.w.org\/{rel}","templated":true}]}}