{"id":2713,"date":"2024-05-09T09:24:22","date_gmt":"2024-05-09T09:24:22","guid":{"rendered":"https:\/\/restoranmoon.ee\/pood\/?post_type=product&#038;p=2713"},"modified":"2025-09-12T15:02:06","modified_gmt":"2025-09-12T15:02:06","slug":"2017-tavkveri-chateau-mukhrani-kakheti-gruusia-75cl","status":"publish","type":"product","link":"https:\/\/restoranmoon.ee\/pood\/toode\/2017-tavkveri-chateau-mukhrani-kakheti-gruusia-75cl\/","title":{"rendered":"2017 Tavkveri, Chateau Mukhrani, Kakheti Gruusia 75cl"},"content":{"rendered":"","protected":false},"excerpt":{"rendered":"<p><strong>PUNANE VEIN\u00a0<\/strong><\/p>\n<p>Chateau Mukhrani oli Bagrationi d\u00fcnastia koduks 19 sajandil. Prints Ivan Bagrationi (1812-1893) juhtiv 19. sajandi poliitik ja s\u00f5jav\u00e4elane \u00fchest vanimast kuninglikust d\u00fcnastiast maailmas, hakkas peale reise Prantsusmaale huvi tundma peenama veini valmistamise vastu. Ta rajas viinamarjaaiad ja alustas kaasaegse veinivalmistamisega Chateau Mukhranis.<\/p>\n<p>Viinamarjasort: 100% Tavkveri<\/p>\n<p>Tavkveri on \u00fcks Gruusia vanematest ja haruldasematest viinamarjasortidest ja kasvab Ch.Mukhrani aedades Kartli regioonis. Omab head potensiaali areneda elegantseks punaveiniks t\u00e4iesti iseloomuliku karakteriga.<\/p>\n<p>Vein on intensiivne s\u00e4ravpunane, aroomis tunda punaseid marju ja puuvilju, v\u00fcrtsikust. Maitse on pehme punaste puuviljade iseloomuga, magusad aroomid, karge v\u00e4rskus ja keskmine t\u00e4idlus. Pikk j\u00e4relmaitse.<\/p>\n<p><strong>Toidusoovitus:<\/strong><\/p>\n<p>Kaukaasiap\u00e4raste liharoogade ja kohalike juustudega. V\u00f5ib proovida ka Dorado and singi juurde.<\/p>\n<p>Serveerida:\u00a0 15-18\u00b0C<\/p>\n<p>Maht: 75cl ehk 750ml<\/p>\n","protected":false},"featured_media":2656,"template":"","meta":{"site-sidebar-layout":"default","site-content-layout":"","ast-site-content-layout":"default","site-content-style":"default","site-sidebar-style":"default","ast-global-header-display":"","ast-banner-title-visibility":"","ast-main-header-display":"","ast-hfb-above-header-display":"","ast-hfb-below-header-display":"","ast-hfb-mobile-header-display":"","site-post-title":"","ast-breadcrumbs-content":"","ast-featured-img":"","footer-sml-layout":"","theme-transparent-header-meta":"default","adv-header-id-meta":"","stick-header-meta":"","header-above-stick-meta":"","header-main-stick-meta":"","header-below-stick-meta":"","astra-migrate-meta-layouts":"set"},"product_brand":[],"product_cat":[24],"product_tag":[],"class_list":{"0":"post-2713","1":"product","2":"type-product","3":"status-publish","4":"has-post-thumbnail","6":"product_cat-vein","7":"desktop-align-center","8":"tablet-align-center","9":"mobile-align-center","11":"first","12":"outofstock","13":"taxable","14":"shipping-taxable","15":"purchasable","16":"product-type-simple"},"_links":{"self":[{"href":"https:\/\/restoranmoon.ee\/pood\/wp-json\/wp\/v2\/product\/2713","targetHints":{"allow":["GET"]}}],"collection":[{"href":"https:\/\/restoranmoon.ee\/pood\/wp-json\/wp\/v2\/product"}],"about":[{"href":"https:\/\/restoranmoon.ee\/pood\/wp-json\/wp\/v2\/types\/product"}],"wp:featuredmedia":[{"embeddable":true,"href":"https:\/\/restoranmoon.ee\/pood\/wp-json\/wp\/v2\/media\/2656"}],"wp:attachment":[{"href":"https:\/\/restoranmoon.ee\/pood\/wp-json\/wp\/v2\/media?parent=2713"}],"wp:term":[{"taxonomy":"product_brand","embeddable":true,"href":"https:\/\/restoranmoon.ee\/pood\/wp-json\/wp\/v2\/product_brand?post=2713"},{"taxonomy":"product_cat","embeddable":true,"href":"https:\/\/restoranmoon.ee\/pood\/wp-json\/wp\/v2\/product_cat?post=2713"},{"taxonomy":"product_tag","embeddable":true,"href":"https:\/\/restoranmoon.ee\/pood\/wp-json\/wp\/v2\/product_tag?post=2713"}],"curies":[{"name":"wp","href":"https:\/\/api.w.org\/{rel}","templated":true}]}}