{"id":2715,"date":"2024-05-09T09:29:49","date_gmt":"2024-05-09T09:29:49","guid":{"rendered":"https:\/\/restoranmoon.ee\/pood\/?post_type=product&#038;p=2715"},"modified":"2025-09-12T15:01:44","modified_gmt":"2025-09-12T15:01:44","slug":"2023-sauvignon-blanc-little-beauty-marlborough-uus-meremaa-75cl","status":"publish","type":"product","link":"https:\/\/restoranmoon.ee\/pood\/toode\/2023-sauvignon-blanc-little-beauty-marlborough-uus-meremaa-75cl\/","title":{"rendered":"2023 Sauvignon Blanc, Little Beauty, Marlborough Uus-Meremaa 75cl"},"content":{"rendered":"","protected":false},"excerpt":{"rendered":"<p>VALGE VEIN<\/p>\n<p>Marlborough regioon on \u00fclemaailmselt tuntud oma Sauvignon Blanci poolest, mis demonstreerib viinamarja h\u00e4sti aromaatset stiilipuhast k\u00fclge. Little Beauty on alles uus ja arenev tootja, alguse sai veinimaja alles 2008. aastal k\u00fcll aga valmistab Little Beauty veine Uus-Meremaa kuulsaima tootja Cloudy Bay endine veinimeister.<\/p>\n<p>Kasutatud viinamarjad: 100% Sauvignon Blanc<\/p>\n<p>Vein on h\u00e4sti kerge aga v\u00e4ga maitserohke, tunda on tikreid, passionit, v\u00e4rskeid rohelisi \u00fcrte ja musts\u00f5stralehti. Maitses on vein h\u00e4sti elav ja puuviljane, lisandub palju tsitrust ja puuviljast lopsakust ning veinile h\u00e4sti omane v\u00f5imas hape.<\/p>\n<p><strong>Toidusoovitus:<\/strong><\/p>\n<p>V\u00e4rsked juustud \u2013 eriti kitsejuust, rohkete \u00fcrtidega kerged mereanniroad, v\u00e4rsked ja kerged kalaroad, v\u00e4rsked salatid ja v\u00e4rsked taimetoidud, kergelt v\u00fcrsikad v\u00e4rsked aasiap\u00e4rased road.<\/p>\n<p>Maht: 75cl ehk 750ml<\/p>\n","protected":false},"featured_media":2660,"template":"","meta":{"site-sidebar-layout":"default","site-content-layout":"","ast-site-content-layout":"default","site-content-style":"default","site-sidebar-style":"default","ast-global-header-display":"","ast-banner-title-visibility":"","ast-main-header-display":"","ast-hfb-above-header-display":"","ast-hfb-below-header-display":"","ast-hfb-mobile-header-display":"","site-post-title":"","ast-breadcrumbs-content":"","ast-featured-img":"","footer-sml-layout":"","theme-transparent-header-meta":"default","adv-header-id-meta":"","stick-header-meta":"","header-above-stick-meta":"","header-main-stick-meta":"","header-below-stick-meta":"","astra-migrate-meta-layouts":"set"},"product_brand":[],"product_cat":[24],"product_tag":[],"class_list":{"0":"post-2715","1":"product","2":"type-product","3":"status-publish","4":"has-post-thumbnail","6":"product_cat-vein","7":"desktop-align-center","8":"tablet-align-center","9":"mobile-align-center","11":"first","12":"outofstock","13":"taxable","14":"shipping-taxable","15":"purchasable","16":"product-type-simple"},"_links":{"self":[{"href":"https:\/\/restoranmoon.ee\/pood\/wp-json\/wp\/v2\/product\/2715","targetHints":{"allow":["GET"]}}],"collection":[{"href":"https:\/\/restoranmoon.ee\/pood\/wp-json\/wp\/v2\/product"}],"about":[{"href":"https:\/\/restoranmoon.ee\/pood\/wp-json\/wp\/v2\/types\/product"}],"wp:featuredmedia":[{"embeddable":true,"href":"https:\/\/restoranmoon.ee\/pood\/wp-json\/wp\/v2\/media\/2660"}],"wp:attachment":[{"href":"https:\/\/restoranmoon.ee\/pood\/wp-json\/wp\/v2\/media?parent=2715"}],"wp:term":[{"taxonomy":"product_brand","embeddable":true,"href":"https:\/\/restoranmoon.ee\/pood\/wp-json\/wp\/v2\/product_brand?post=2715"},{"taxonomy":"product_cat","embeddable":true,"href":"https:\/\/restoranmoon.ee\/pood\/wp-json\/wp\/v2\/product_cat?post=2715"},{"taxonomy":"product_tag","embeddable":true,"href":"https:\/\/restoranmoon.ee\/pood\/wp-json\/wp\/v2\/product_tag?post=2715"}],"curies":[{"name":"wp","href":"https:\/\/api.w.org\/{rel}","templated":true}]}}