{"id":421,"date":"2020-12-14T14:41:08","date_gmt":"2020-12-14T14:41:08","guid":{"rendered":"http:\/\/restoranmoon.ee\/pood\/?post_type=product&#038;p=421"},"modified":"2025-09-12T15:03:59","modified_gmt":"2025-09-12T15:03:59","slug":"nv-champagne-voirin-jumel-brut-grand-cru-blanc-de-blancs-france-75cl","status":"publish","type":"product","link":"https:\/\/restoranmoon.ee\/pood\/toode\/nv-champagne-voirin-jumel-brut-grand-cru-blanc-de-blancs-france-75cl\/","title":{"rendered":"NV Champagne Voirin-Jumel Brut, Grand Cru Blanc de Blancs, France 75cl"},"content":{"rendered":"","protected":false},"excerpt":{"rendered":"<p>Tegemist on \u00fcsna noore \u0161ampanjamajaga, mis sai alguse 1968. aastal kahe viinamarjakasvataja (Gilles Voirin ja Francoise Jumel) abielust, kui seni vaid teistele viinamarju m\u00fc\u00fcnud kasvatajad hakkasid ise oma \u0161ampanjat valmistama. Tegemist on <em>grower <\/em>\u0161ampanjaga ehk majaga, kes kasvatab ise viinamarju oma veinide jaoks (\u0161ampanjas haruldane, 95% tootjatest ostab marjad kokku oma veini jaoks). Maja asub Cramanti k\u00fclas Cote de Blanci piirkonnas, mis on peamiselt tuntud Chardonnay ja Blanc de Blancs \u0161ampanjade poolest. Veinimajale kuulub 12,5ha maad erinevates Cote de Blanci k\u00fclades.<br \/>\n2012ndal aastal v\u00f5itis maja noor perenaine Alice Voirin selle sama \u0161ampanjaga Prantsusmaa parima noore \u0161ampanjameistri auhinna.<\/p>\n<p><strong>Kasutatud viinamarjad:<\/strong> 100% Chardonnay (3 aastat p\u00e4rmisettel hoitud).<\/p>\n<p>Vein on h\u00e4sti elegantne ja s\u00e4rtsakas, kuiva ja mineraalse stiiliga (suhkrut ainult 6g\/l). Tunda on \u00f5una, pirni ja tsitruseid, kergelt floraalse alatooniga. Maitses on vein elav ja meeldivalt pehme mulliga, tuntavalt mineraalne ja h\u00e4sti pika kreemise j\u00e4relmaitsega.<\/p>\n<p>Soovitus:<br \/>\nAperitiiv, erinevad mereannid (austrid, karbid jms.) tsitruseliste ja \u00f5unaste lisanditega, kerged valged kalad, kalaroad majoneesikastmega, suitsukala, friteeritud kala ja -mereannid.<\/p>\n<p>Kogus: 750ml\/ 75cl<\/p>\n","protected":false},"featured_media":2648,"template":"","meta":{"site-sidebar-layout":"default","site-content-layout":"default","ast-site-content-layout":"default","site-content-style":"default","site-sidebar-style":"default","ast-global-header-display":"","ast-banner-title-visibility":"","ast-main-header-display":"","ast-hfb-above-header-display":"","ast-hfb-below-header-display":"","ast-hfb-mobile-header-display":"","site-post-title":"","ast-breadcrumbs-content":"","ast-featured-img":"","footer-sml-layout":"","theme-transparent-header-meta":"default","adv-header-id-meta":"","stick-header-meta":"default","header-above-stick-meta":"","header-main-stick-meta":"","header-below-stick-meta":"","astra-migrate-meta-layouts":"set"},"product_brand":[],"product_cat":[47,23],"product_tag":[],"class_list":{"0":"post-421","1":"product","2":"type-product","3":"status-publish","4":"has-post-thumbnail","6":"product_cat-eri-pakkumised","7":"product_cat-mulliga","8":"desktop-align-center","9":"tablet-align-center","10":"mobile-align-center","12":"first","13":"outofstock","14":"taxable","15":"shipping-taxable","16":"purchasable","17":"product-type-simple"},"_links":{"self":[{"href":"https:\/\/restoranmoon.ee\/pood\/wp-json\/wp\/v2\/product\/421","targetHints":{"allow":["GET"]}}],"collection":[{"href":"https:\/\/restoranmoon.ee\/pood\/wp-json\/wp\/v2\/product"}],"about":[{"href":"https:\/\/restoranmoon.ee\/pood\/wp-json\/wp\/v2\/types\/product"}],"wp:featuredmedia":[{"embeddable":true,"href":"https:\/\/restoranmoon.ee\/pood\/wp-json\/wp\/v2\/media\/2648"}],"wp:attachment":[{"href":"https:\/\/restoranmoon.ee\/pood\/wp-json\/wp\/v2\/media?parent=421"}],"wp:term":[{"taxonomy":"product_brand","embeddable":true,"href":"https:\/\/restoranmoon.ee\/pood\/wp-json\/wp\/v2\/product_brand?post=421"},{"taxonomy":"product_cat","embeddable":true,"href":"https:\/\/restoranmoon.ee\/pood\/wp-json\/wp\/v2\/product_cat?post=421"},{"taxonomy":"product_tag","embeddable":true,"href":"https:\/\/restoranmoon.ee\/pood\/wp-json\/wp\/v2\/product_tag?post=421"}],"curies":[{"name":"wp","href":"https:\/\/api.w.org\/{rel}","templated":true}]}}