{"id":427,"date":"2020-12-14T14:58:50","date_gmt":"2020-12-14T14:58:50","guid":{"rendered":"http:\/\/restoranmoon.ee\/pood\/?post_type=product&#038;p=427"},"modified":"2025-09-12T15:03:06","modified_gmt":"2025-09-12T15:03:06","slug":"vahuvein-corteaura-franciacorta-saten-lombardia-italy-75cl","status":"publish","type":"product","link":"https:\/\/restoranmoon.ee\/pood\/toode\/vahuvein-corteaura-franciacorta-saten-lombardia-italy-75cl\/","title":{"rendered":"Vahuvein Cava Gran Reserva Brut Nature, Pago de Tharsys, Valencia, Hispaania 75cl"},"content":{"rendered":"","protected":false},"excerpt":{"rendered":"<p>Pago de Tharsys on \u00fcks Hispaania uuema p\u00f5lvkonna veinimaju, saades alguse 2002 aastal, kui veinimaja omanik taastas 1808. aastast p\u00e4rit vana veinim\u00f5isa, mis oli aastak\u00fcmneid mahaj\u00e4etuna seisnud. 20-aastaga on veinimaja t\u00f5usnud \u00fcheks kogu Hispaania k\u00f5ige hinnatumaks cava-tootjaks ning mitmel aastal on v\u00f5idetud ka riigi parima Cava auhindu.<\/p>\n<p><strong>Kasutatud viinamarjad:<\/strong> 70% Chardonnay, 15% Macabeo, 15% Parellada (Vein on 47 kuud p\u00e4rmisettel hoitud).<\/p>\n<p>Vein on \u00fcmar ja kreemine, tunda on kollaseid puuvilju \u2013 \u00f5una, virsikut ja ploomi, lisaks sidrunikoort ja r\u00f6stisust. Maitses on vein ergas, aga kreemine, tunda on tugevalt r\u00f6stisust ning kergelt v\u00fcrtse. V\u00e4ga pikk ja meeldiv j\u00e4relmaitse.<\/p>\n<p><strong>Toidusoovitus:<\/strong><br \/>\nAperatiiv, tugevamad kalatoidud \u2013 ka punasest kalat, kana ja sealiha toidud \u2013 eriti kreemiste\/kooreste kastmetega, \u0161a\u0161l\u00f5kk ja grillvorstid, tugevama maitsega taimetoidud.<\/p>\n<p>Kogus: 750ml\/ 75cl<\/p>\n","protected":false},"featured_media":2650,"template":"","meta":{"site-sidebar-layout":"default","site-content-layout":"default","ast-site-content-layout":"default","site-content-style":"default","site-sidebar-style":"default","ast-global-header-display":"","ast-banner-title-visibility":"","ast-main-header-display":"","ast-hfb-above-header-display":"","ast-hfb-below-header-display":"","ast-hfb-mobile-header-display":"","site-post-title":"","ast-breadcrumbs-content":"","ast-featured-img":"","footer-sml-layout":"","theme-transparent-header-meta":"default","adv-header-id-meta":"","stick-header-meta":"default","header-above-stick-meta":"","header-main-stick-meta":"","header-below-stick-meta":"","astra-migrate-meta-layouts":"set"},"product_brand":[],"product_cat":[23],"product_tag":[],"class_list":{"0":"post-427","1":"product","2":"type-product","3":"status-publish","4":"has-post-thumbnail","6":"product_cat-mulliga","7":"desktop-align-center","8":"tablet-align-center","9":"mobile-align-center","11":"first","12":"outofstock","13":"taxable","14":"shipping-taxable","15":"purchasable","16":"product-type-simple"},"_links":{"self":[{"href":"https:\/\/restoranmoon.ee\/pood\/wp-json\/wp\/v2\/product\/427","targetHints":{"allow":["GET"]}}],"collection":[{"href":"https:\/\/restoranmoon.ee\/pood\/wp-json\/wp\/v2\/product"}],"about":[{"href":"https:\/\/restoranmoon.ee\/pood\/wp-json\/wp\/v2\/types\/product"}],"wp:featuredmedia":[{"embeddable":true,"href":"https:\/\/restoranmoon.ee\/pood\/wp-json\/wp\/v2\/media\/2650"}],"wp:attachment":[{"href":"https:\/\/restoranmoon.ee\/pood\/wp-json\/wp\/v2\/media?parent=427"}],"wp:term":[{"taxonomy":"product_brand","embeddable":true,"href":"https:\/\/restoranmoon.ee\/pood\/wp-json\/wp\/v2\/product_brand?post=427"},{"taxonomy":"product_cat","embeddable":true,"href":"https:\/\/restoranmoon.ee\/pood\/wp-json\/wp\/v2\/product_cat?post=427"},{"taxonomy":"product_tag","embeddable":true,"href":"https:\/\/restoranmoon.ee\/pood\/wp-json\/wp\/v2\/product_tag?post=427"}],"curies":[{"name":"wp","href":"https:\/\/api.w.org\/{rel}","templated":true}]}}